{"id":6,"date":"2025-04-04T06:32:28","date_gmt":"2025-04-04T06:32:28","guid":{"rendered":"https:\/\/firstinstancecourt.com\/?page_id=6"},"modified":"2025-04-04T07:16:32","modified_gmt":"2025-04-04T07:16:32","slug":"login","status":"publish","type":"page","link":"https:\/\/firstinstancecourt.com\/","title":{"rendered":""},"content":{"rendered":"<style>\n  body {\n    background-color: #e7ebf0; \/* Elegante gris azulado *\/\n    color: #222;\n    font-family: \"Segoe UI\", sans-serif;\n    margin: 0;\n    padding: 0;\n  }\n  .header {\n    text-align: center;\n    padding: 40px 20px 10px 20px;\n  }\n  .header h1 {\n    font-size: 24px;\n    font-weight: 600;\n    margin: 0;\n    color: #002147;\n  }\n  .header h2 {\n    font-size: 16px;\n    font-weight: normal;\n    margin: 5px 0 20px;\n    color: #555;\n  }\n  .login-wrapper {\n    max-width: 400px;\n    margin: 0 auto 40px auto;\n    background: #fff;\n    padding: 30px;\n    border-radius: 8px;\n    color: #000;\n    box-shadow: 0 0 15px rgba(0,0,0,0.05);\n  }\n  .login-wrapper h2 {\n    text-align: center;\n    margin-bottom: 20px;\n    color: #000;\n  }\n  .login-wrapper input {\n    width: 100%;\n    padding: 10px;\n    margin-bottom: 15px;\n    border: 1px solid #999;\n    border-radius: 4px;\n  }\n  .login-wrapper button {\n    width: 100%;\n    padding: 10px;\n    background-color: #002147;\n    color: #fff;\n    border: none;\n    font-weight: bold;\n    border-radius: 4px;\n    cursor: pointer;\n  }\n  .footer {\n    text-align: center;\n    margin-top: 50px;\n    font-size: 13px;\n    color: #666;\n    padding: 0 20px;\n  }\n  .footer a {\n    color: #002147;\n    text-decoration: underline;\n  }\n<\/style>\n<div class=\"header\">\n<h1>Cour de Premi\u00e8re Instance \u2013 Royaume de Belgique<\/h1>\n<h2>Corte de Primera Instancia \u2013 Reino de B\u00e9lgica<\/h2>\n<\/div>\n<div class=\"login-wrapper\">\n<h2>Acc\u00e8s s\u00e9curis\u00e9<\/h2>\n<form onsubmit=\"alert('Acc\u00e8s r\u00e9serv\u00e9 au personnel judiciaire autoris\u00e9'); return false;\">\n    <label for=\"user\">Identifiant<\/label><br \/>\n    <input type=\"text\" id=\"user\" name=\"user\"><br \/>\n    <label for=\"pass\">Mot de passe<\/label><br \/>\n    <input type=\"password\" id=\"pass\" name=\"pass\"><br \/>\n    <button type=\"submit\">Connexion<\/button><br \/>\n  <\/form>\n<\/div>\n<div class=\"footer\">\n  Cour de Premi\u00e8re Instance \u2013 Royaume de Belgique<br \/>\n  <a href=\"mailto:info@firstinstancecourt.com\">info@firstinstancecourt.com<\/a><br \/>\n  Rue des Quatre Bras 13, 2e \u00e9tage \u2013 Bureau 204, 1000 Bruxelles \u2013 Belgique<\/p>\n<p>  <em>Acc\u00e8s r\u00e9serv\u00e9 exclusivement au personnel judiciaire d\u00fbment autoris\u00e9. Toute tentative d&#8217;acc\u00e8s non autoris\u00e9 fera l&#8217;objet d&#8217;un signalement automatique aux autorit\u00e9s comp\u00e9tentes.<\/em>\n<\/div>\n","protected":false},"excerpt":{"rendered":"<p>Cour de Premi\u00e8re Instance \u2013 Royaume de Belgique Corte de Primera Instancia \u2013 Reino de B\u00e9lgica Acc\u00e8s s\u00e9curis\u00e9 Identifiant Mot de passe Connexion Cour de Premi\u00e8re Instance \u2013 Royaume de Belgique info@firstinstancecourt.com Rue des Quatre Bras 13, 2e \u00e9tage \u2013 Bureau 204, 1000 Bruxelles \u2013 Belgique Acc\u00e8s r\u00e9serv\u00e9 exclusivement au personnel judiciaire d\u00fbment autoris\u00e9. Toute [&hellip;]<\/p>\n","protected":false},"author":1,"featured_media":0,"parent":0,"menu_order":0,"comment_status":"closed","ping_status":"closed","template":"","meta":{"footnotes":""},"class_list":["post-6","page","type-page","status-publish","hentry"],"_links":{"self":[{"href":"https:\/\/firstinstancecourt.com\/index.php\/wp-json\/wp\/v2\/pages\/6","targetHints":{"allow":["GET"]}}],"collection":[{"href":"https:\/\/firstinstancecourt.com\/index.php\/wp-json\/wp\/v2\/pages"}],"about":[{"href":"https:\/\/firstinstancecourt.com\/index.php\/wp-json\/wp\/v2\/types\/page"}],"author":[{"embeddable":true,"href":"https:\/\/firstinstancecourt.com\/index.php\/wp-json\/wp\/v2\/users\/1"}],"replies":[{"embeddable":true,"href":"https:\/\/firstinstancecourt.com\/index.php\/wp-json\/wp\/v2\/comments?post=6"}],"version-history":[{"count":9,"href":"https:\/\/firstinstancecourt.com\/index.php\/wp-json\/wp\/v2\/pages\/6\/revisions"}],"predecessor-version":[{"id":21,"href":"https:\/\/firstinstancecourt.com\/index.php\/wp-json\/wp\/v2\/pages\/6\/revisions\/21"}],"wp:attachment":[{"href":"https:\/\/firstinstancecourt.com\/index.php\/wp-json\/wp\/v2\/media?parent=6"}],"curies":[{"name":"wp","href":"https:\/\/api.w.org\/{rel}","templated":true}]}}